{"id":112,"date":"2025-07-31T19:59:30","date_gmt":"2025-07-31T17:59:30","guid":{"rendered":"https:\/\/residenceduvieuxportmarseille.com\/?page_id=112"},"modified":"2025-07-31T19:59:30","modified_gmt":"2025-07-31T17:59:30","slug":"accueil","status":"publish","type":"page","link":"https:\/\/residenceduvieuxportmarseille.com\/","title":{"rendered":""},"content":{"rendered":"\n<p><\/p>\n\n\n\n<div class=\"wp-block-group alignfull has-global-padding is-layout-constrained wp-container-core-group-is-layout-490fa1db wp-block-group-is-layout-constrained\" style=\"padding-top:var(--wp--preset--spacing--50);padding-right:var(--wp--preset--spacing--50);padding-bottom:var(--wp--preset--spacing--50);padding-left:var(--wp--preset--spacing--50)\">\n<figure class=\"wp-block-image alignwide size-full is-style-rounded is-style-rounded--1\"><img loading=\"lazy\" decoding=\"async\" width=\"2560\" height=\"1052\" src=\"http:\/\/residenceduvieuxportmarseille.com\/wp-content\/uploads\/2025\/06\/IMG_4101Pano-scaled.jpg\" alt=\"Vue du balcon de la terrasse\" class=\"wp-image-10\" srcset=\"https:\/\/residenceduvieuxportmarseille.com\/wp-content\/uploads\/2025\/06\/IMG_4101Pano-scaled.jpg 2560w, https:\/\/residenceduvieuxportmarseille.com\/wp-content\/uploads\/2025\/06\/IMG_4101Pano-300x123.jpg 300w, https:\/\/residenceduvieuxportmarseille.com\/wp-content\/uploads\/2025\/06\/IMG_4101Pano-1024x421.jpg 1024w, https:\/\/residenceduvieuxportmarseille.com\/wp-content\/uploads\/2025\/06\/IMG_4101Pano-768x316.jpg 768w, https:\/\/residenceduvieuxportmarseille.com\/wp-content\/uploads\/2025\/06\/IMG_4101Pano-1536x631.jpg 1536w, https:\/\/residenceduvieuxportmarseille.com\/wp-content\/uploads\/2025\/06\/IMG_4101Pano-2048x842.jpg 2048w\" sizes=\"auto, (max-width: 2560px) 100vw, 2560px\" \/><\/figure>\n\n\n\n<div class=\"wp-block-group has-global-padding is-layout-constrained wp-container-core-group-is-layout-650790e1 wp-block-group-is-layout-constrained\">\n<h1 class=\"wp-block-heading has-text-align-center has-x-large-font-size\">S\u00e9journez au c\u0153ur de Marseille :   La R\u00e9sidence du Vieux-Port<\/h1>\n\n\n\n<div style=\"height:20px\" aria-hidden=\"true\" class=\"wp-block-spacer\"><\/div>\n\n\n\n<p><\/p>\n\n\n\n<p class=\"has-text-align-left\">La R\u00e9sidence du Vieux-Port vous propose un s\u00e9jour unique au sein d&rsquo;un immeuble marseillais discret compos\u00e9 de 11 appartements avec une vue panoramique imprenable sur le Vieux-Port, joyau embl\u00e9matique de la ville.<\/p>\n\n\n\n<p><\/p>\n\n\n\n<p class=\"has-text-align-left\">Ici, tout est pens\u00e9 pour que vous viviez l&rsquo;exp\u00e9rience marseillaise dans ce qu&rsquo;elle a de plus vivant : lumi\u00e8re m\u00e9diterran\u00e9enne, effluves de la mer, clapotis des voiliers, et la rumeur douce des caf\u00e9s en terrasse.<\/p>\n\n\n\n<p><\/p>\n\n\n\n<p class=\"has-text-align-left\">\u00c0 quelques minutes \u00e0 pied, plongez dans les tr\u00e9sors culturels et historiques de Marseille :<br>Le MUCEM et ses passerelles suspendues sur la mer, la Basilique Notre-Dame de la Garde, gardienne de la cit\u00e9  accessible en petit train ou \u00e0 pied.<br>Le quartier du Panier, labyrinthe color\u00e9 d&rsquo;ateliers de fresques murales ou de boutiques artisanales; le Fort Saint-Jean et les navettes maritimes qui vous m\u00e8neront au Ch\u00e2teau d&rsquo;If ou les Calanques.<\/p>\n\n\n\n<p><\/p>\n\n\n\n<p class=\"has-text-align-left\">La R\u00e9sidence offre un cadre \u00e9l\u00e9gant et discret, offrant confort moderne et charme m\u00e9diterran\u00e9en.<\/p>\n\n\n\n<div style=\"height:1.25rem\" aria-hidden=\"true\" class=\"wp-block-spacer\"><\/div>\n\n\n\n<div class=\"wp-block-buttons is-content-justification-center is-layout-flex wp-container-core-buttons-is-layout-a89b3969 wp-block-buttons-is-layout-flex\">\n<div class=\"wp-block-button\"><a class=\"wp-block-button__link wp-element-button\">\u00c0 propos<\/a><\/div>\n<\/div>\n<\/div>\n\n\n\n<div style=\"height:var(--wp--preset--spacing--30)\" aria-hidden=\"true\" class=\"wp-block-spacer\"><\/div>\n<\/div>\n","protected":false},"excerpt":{"rendered":"<p>S\u00e9journez au c\u0153ur de Marseille : La R\u00e9sidence du Vieux-Port La R\u00e9sidence du Vieux-Port vous propose un s\u00e9jour unique au sein d&rsquo;un immeuble marseillais discret compos\u00e9 de 11 appartements avec une vue panoramique imprenable sur le Vieux-Port, joyau embl\u00e9matique de la ville. Ici, tout est pens\u00e9 pour que vous viviez l&rsquo;exp\u00e9rience marseillaise dans ce qu&rsquo;elle [&hellip;]<\/p>\n","protected":false},"author":1,"featured_media":0,"parent":0,"menu_order":1,"comment_status":"closed","ping_status":"closed","template":"","meta":{"_acf_changed":false,"footnotes":""},"class_list":["post-112","page","type-page","status-publish","hentry"],"acf":[],"_links":{"self":[{"href":"https:\/\/residenceduvieuxportmarseille.com\/index.php?rest_route=\/wp\/v2\/pages\/112","targetHints":{"allow":["GET"]}}],"collection":[{"href":"https:\/\/residenceduvieuxportmarseille.com\/index.php?rest_route=\/wp\/v2\/pages"}],"about":[{"href":"https:\/\/residenceduvieuxportmarseille.com\/index.php?rest_route=\/wp\/v2\/types\/page"}],"author":[{"embeddable":true,"href":"https:\/\/residenceduvieuxportmarseille.com\/index.php?rest_route=\/wp\/v2\/users\/1"}],"replies":[{"embeddable":true,"href":"https:\/\/residenceduvieuxportmarseille.com\/index.php?rest_route=%2Fwp%2Fv2%2Fcomments&post=112"}],"version-history":[{"count":1,"href":"https:\/\/residenceduvieuxportmarseille.com\/index.php?rest_route=\/wp\/v2\/pages\/112\/revisions"}],"predecessor-version":[{"id":113,"href":"https:\/\/residenceduvieuxportmarseille.com\/index.php?rest_route=\/wp\/v2\/pages\/112\/revisions\/113"}],"wp:attachment":[{"href":"https:\/\/residenceduvieuxportmarseille.com\/index.php?rest_route=%2Fwp%2Fv2%2Fmedia&parent=112"}],"curies":[{"name":"wp","href":"https:\/\/api.w.org\/{rel}","templated":true}]}}